{"id":84,"date":"2024-11-05T23:14:19","date_gmt":"2024-11-05T23:14:19","guid":{"rendered":"http:\/\/delfoinoraakkeli.fi\/?page_id=84"},"modified":"2026-03-01T09:15:44","modified_gmt":"2026-03-01T09:15:44","slug":"palvelut","status":"publish","type":"page","link":"http:\/\/delfoinoraakkeli.fi\/fi\/palvelut\/","title":{"rendered":"Palvelut"},"content":{"rendered":"\n<p>Tilaa mentorointipaketti tai kysy lis\u00e4\u00e4 olemalla yhteydess\u00e4 Delfoin Oraakkeliin osoitteessa info@delfoinoraakkeli.fi.<\/p>\n\n\n\n<div style=\"height:100px\" aria-hidden=\"true\" class=\"wp-block-spacer\"><\/div>\n\n\n\n<p>DELFOIN ORAAKKELIN MENTOROINTIPAKETIT<\/p>\n\n\n\n<p><strong>Tiibetil\u00e4inen kirjallisuus ja tarinankerrontaperinne: Tiibetin kansalliseepos Kuningas Gesar ja ba sprung tiibetil\u00e4iset unilaulajat <\/strong><\/p>\n\n\n\n<p><em>Haluatko tiet\u00e4\u00e4 lis\u00e4\u00e4 tiibetil\u00e4isest\u00e4 kirjallisuudesta ja kansanperinteest\u00e4? Mentorointi syvent\u00e4\u00e4 tiet\u00e4myst\u00e4 tiibetil\u00e4isest\u00e4 kirjallisuudesta ja Tiibetin omintakeisesta tarinankerrontaperinteest\u00e4 keskittyen etenkin Tiibetin kansalliseepokseen Kuningas Gesar, joka on my\u00f6s maailman pisin eepos yli miljoonalla s\u00e4keell\u00e4\u00e4n sek\u00e4 tiibetil\u00e4isiin unilaulajiin, jotka tunnetaan nimell\u00e4 ba sprung.<\/em><\/p>\n\n\n\n<p>mentori Elina Huttunen<\/p>\n\n\n\n<div style=\"height:100px\" aria-hidden=\"true\" class=\"wp-block-spacer\"><\/div>\n\n\n\n<p>Delfoin Oraakkelissa saatavilla my\u00f6hemmin muun muassa seuraavat mentorointipaketit, joiden sis\u00e4ll\u00f6t tarkentuvat ajan kuluessa:<\/p>\n\n\n\n<p class=\"has-medium-font-size\" style=\"font-style:normal;font-weight:100\">Aasialainen kulttuuri &amp; yhteiskunta<\/p>\n\n\n\n<p class=\"has-medium-font-size\" style=\"font-style:normal;font-weight:100\">Intialainen kulttuuri &amp; yhteiskunta<\/p>\n\n\n\n<p class=\"has-medium-font-size\" style=\"font-style:normal;font-weight:100\">Japanilainen kulttuuri &amp; yhteiskunta<\/p>\n\n\n\n<p class=\"has-medium-font-size\" style=\"font-style:normal;font-weight:100\">Tiibetil\u00e4inen kulttuuri &amp; yhteiskunta<\/p>\n\n\n\n<p class=\"has-medium-font-size\" style=\"font-style:normal;font-weight:100\">Kiinalainen kulttuuri &amp; yhteiskunta<\/p>\n\n\n\n<p class=\"has-medium-font-size\" style=\"font-style:normal;font-weight:100\">Filippiinil\u00e4inen kulttuuri &amp; yhteiskunta<\/p>\n\n\n\n<p class=\"has-medium-font-size\" style=\"font-style:normal;font-weight:100\">Thaimaalainen kulttuuri &amp; yhteiskunta<\/p>\n\n\n\n<p class=\"has-medium-font-size\" style=\"font-style:normal;font-weight:100\">Pohjoismainen feminismi (<em>saatavana my\u00f6s englanniksi<\/em>)<\/p>\n\n\n\n<p class=\"has-medium-font-size\" style=\"font-style:normal;font-weight:100\">Naiskirjoittaminen (<em>saatavana my\u00f6s englanniksi<\/em>)<\/p>\n\n\n\n<p class=\"has-medium-font-size\" style=\"font-style:normal;font-weight:100\">Alkuper\u00e4iskansojen viisaudesta (<em>saatavana my\u00f6s englanniksi<\/em>)<\/p>\n\n\n\n<p class=\"has-medium-font-size\" style=\"font-style:normal;font-weight:100\">L\u00e4nsimaisen ajattelun juurilla (<em>saatavana my\u00f6s englanniksi<\/em>)<\/p>\n\n\n\n<div style=\"height:100px\" aria-hidden=\"true\" class=\"wp-block-spacer\"><\/div>\n\n\n\n<p>Mentorointipaketin hinta on 250 \u20ac (ei sis\u00e4ll\u00e4 alv 25,5 %).<\/p>\n\n\n\n<p>Haluatko tilata ennaltanauhoitetun videomentoroinnin? Videomentoroinnin hinta on 150 \u20ac (ei sis\u00e4ll\u00e4 alv 25,5 %).<\/p>\n\n\n\n<p>Mentorointipaketit ovat saatavana p\u00e4\u00e4asiallisesti sek\u00e4 et\u00e4yhteydell\u00e4 ett\u00e4 paikan p\u00e4\u00e4ll\u00e4.<\/p>\n\n\n\n<p>Yhden mentorointitapaamisen kesto on noin 1,5-2 tuntia.<\/p>\n\n\n\n<p>Millaista mentorointipakettia tarvitset? Kysy muista mentoroinnin mahdollisuuksista l\u00e4hett\u00e4m\u00e4ll\u00e4 s\u00e4hk\u00f6postia osoitteeseen info@delfoinoraakkeli.fi.<\/p>\n","protected":false},"excerpt":{"rendered":"<p>Tilaa mentorointipaketti tai kysy lis\u00e4\u00e4 olemalla yhteydess\u00e4 Delfoin Oraakkeliin osoitteessa info@delfoinoraakkeli.fi. DELFOIN ORAAKKELIN MENTOROINTIPAKETIT Tiibetil\u00e4inen kirjallisuus ja tarinankerrontaperinne: Tiibetin kansalliseepos Kuningas Gesar ja ba sprung tiibetil\u00e4iset unilaulajat Haluatko tiet\u00e4\u00e4 lis\u00e4\u00e4 tiibetil\u00e4isest\u00e4 kirjallisuudesta ja kansanperinteest\u00e4? Mentorointi syvent\u00e4\u00e4 tiet\u00e4myst\u00e4 tiibetil\u00e4isest\u00e4 kirjallisuudesta ja Tiibetin omintakeisesta tarinankerrontaperinteest\u00e4 keskittyen etenkin Tiibetin kansalliseepokseen Kuningas Gesar, joka on my\u00f6s maailman pisin eepos [&hellip;]<\/p>\n","protected":false},"author":1,"featured_media":0,"parent":0,"menu_order":0,"comment_status":"closed","ping_status":"closed","template":"","meta":{"footnotes":""},"class_list":["post-84","page","type-page","status-publish","hentry"],"_links":{"self":[{"href":"http:\/\/delfoinoraakkeli.fi\/fi\/wp-json\/wp\/v2\/pages\/84","targetHints":{"allow":["GET"]}}],"collection":[{"href":"http:\/\/delfoinoraakkeli.fi\/fi\/wp-json\/wp\/v2\/pages"}],"about":[{"href":"http:\/\/delfoinoraakkeli.fi\/fi\/wp-json\/wp\/v2\/types\/page"}],"author":[{"embeddable":true,"href":"http:\/\/delfoinoraakkeli.fi\/fi\/wp-json\/wp\/v2\/users\/1"}],"replies":[{"embeddable":true,"href":"http:\/\/delfoinoraakkeli.fi\/fi\/wp-json\/wp\/v2\/comments?post=84"}],"version-history":[{"count":23,"href":"http:\/\/delfoinoraakkeli.fi\/fi\/wp-json\/wp\/v2\/pages\/84\/revisions"}],"predecessor-version":[{"id":155,"href":"http:\/\/delfoinoraakkeli.fi\/fi\/wp-json\/wp\/v2\/pages\/84\/revisions\/155"}],"wp:attachment":[{"href":"http:\/\/delfoinoraakkeli.fi\/fi\/wp-json\/wp\/v2\/media?parent=84"}],"curies":[{"name":"wp","href":"https:\/\/api.w.org\/{rel}","templated":true}]}}