{"id":35,"date":"2024-10-23T19:17:32","date_gmt":"2024-10-23T19:17:32","guid":{"rendered":"http:\/\/delfoinoraakkeli.fi\/?page_id=35"},"modified":"2026-03-01T13:31:37","modified_gmt":"2026-03-01T13:31:37","slug":"meista","status":"publish","type":"page","link":"http:\/\/delfoinoraakkeli.fi\/fi\/meista\/","title":{"rendered":"Meist\u00e4"},"content":{"rendered":"\n<p>Delfoin Oraakkeli on konsultointipalvelu, joka tarjoaa aikakauttamme vastaavaa sosiologista ja filosofista n\u00e4k\u00f6kulmaa erilaisissa muutostilanteissa.<\/p>\n\n\n\n<p>Antiikin Kreikassa Delfoin oraakkeli, joka tunnettiin my\u00f6s Pythiana, tarjosi vaikeisiin kysymyksiin neuvoja Apollonin temppeliss\u00e4. <\/p>\n\n\n\n<p>Konsulttiyritys tarjoaa aikakauteemme sopivaa sosiologista ja filosofista n\u00e4k\u00f6kulmaa erilaisiin pulmiin, joissa tarvitaan kokonaisvaltaista l\u00e4hestymistapaa. Kyseess\u00e4 voi olla joko johdon konsultointi, henkil\u00f6st\u00f6n koulutus tai mik\u00e4 tilanteeseen sopii. Tarjoamme halutessanne pulmiin my\u00f6s runollisia ratkaisuja \u2013 aivan kuten Delfoin oraakkeli aikoinaan teki.<\/p>\n\n\n\n<p>Yhteiskunnat ja ihmisyhteis\u00f6t ja niiden menestys ovat kautta aikain perustuneet jossain muodossa k\u00e4ydyn dialogin ja ajatustenvaihdon varaan, joiden kautta on mahdollista nousta esiin yh\u00e4 k\u00e4ytt\u00f6kelpoisempia ideoita parempaa maailmaa ajatellen. T\u00e4lle ajatukselle perustuu my\u00f6s mentoritoimintamme, joka on sek\u00e4 leikkimielist\u00e4 ett\u00e4 uusia ajatuksia her\u00e4tt\u00e4v\u00e4\u00e4.<\/p>\n\n\n\n<p>Delfoin Oraakkelin palveluiden taustalla ovat akateemisessa maailmassa kasvaneet ja vaikuttaneet henkil\u00f6t, joiden ohjauksessa palvelu toteutetaan.<\/p>\n\n\n\n<p>Palvelu on saatavana suomeksi ja englanniksi ja et\u00e4n\u00e4 kautta maailman.<\/p>\n","protected":false},"excerpt":{"rendered":"<p>Delfoin Oraakkeli on konsultointipalvelu, joka tarjoaa aikakauttamme vastaavaa sosiologista ja filosofista n\u00e4k\u00f6kulmaa erilaisissa muutostilanteissa. Antiikin Kreikassa Delfoin oraakkeli, joka tunnettiin my\u00f6s Pythiana, tarjosi vaikeisiin kysymyksiin neuvoja Apollonin temppeliss\u00e4. Konsulttiyritys tarjoaa aikakauteemme sopivaa sosiologista ja filosofista n\u00e4k\u00f6kulmaa erilaisiin pulmiin, joissa tarvitaan kokonaisvaltaista l\u00e4hestymistapaa. Kyseess\u00e4 voi olla joko johdon konsultointi, henkil\u00f6st\u00f6n koulutus tai mik\u00e4 tilanteeseen sopii. Tarjoamme [&hellip;]<\/p>\n","protected":false},"author":1,"featured_media":0,"parent":0,"menu_order":0,"comment_status":"closed","ping_status":"open","template":"","meta":{"footnotes":""},"class_list":["post-35","page","type-page","status-publish","hentry"],"_links":{"self":[{"href":"http:\/\/delfoinoraakkeli.fi\/fi\/wp-json\/wp\/v2\/pages\/35","targetHints":{"allow":["GET"]}}],"collection":[{"href":"http:\/\/delfoinoraakkeli.fi\/fi\/wp-json\/wp\/v2\/pages"}],"about":[{"href":"http:\/\/delfoinoraakkeli.fi\/fi\/wp-json\/wp\/v2\/types\/page"}],"author":[{"embeddable":true,"href":"http:\/\/delfoinoraakkeli.fi\/fi\/wp-json\/wp\/v2\/users\/1"}],"replies":[{"embeddable":true,"href":"http:\/\/delfoinoraakkeli.fi\/fi\/wp-json\/wp\/v2\/comments?post=35"}],"version-history":[{"count":16,"href":"http:\/\/delfoinoraakkeli.fi\/fi\/wp-json\/wp\/v2\/pages\/35\/revisions"}],"predecessor-version":[{"id":167,"href":"http:\/\/delfoinoraakkeli.fi\/fi\/wp-json\/wp\/v2\/pages\/35\/revisions\/167"}],"wp:attachment":[{"href":"http:\/\/delfoinoraakkeli.fi\/fi\/wp-json\/wp\/v2\/media?parent=35"}],"curies":[{"name":"wp","href":"https:\/\/api.w.org\/{rel}","templated":true}]}}