{"id":84,"date":"2024-11-05T23:14:19","date_gmt":"2024-11-05T23:14:19","guid":{"rendered":"http:\/\/delfoinoraakkeli.fi\/?page_id=84"},"modified":"2026-03-01T09:15:44","modified_gmt":"2026-03-01T09:15:44","slug":"palvelut","status":"publish","type":"page","link":"http:\/\/delfoinoraakkeli.fi\/en\/palvelut\/","title":{"rendered":"Services"},"content":{"rendered":"<p>Order your own mentoring package or ask more by contacting Oracle of Delphi via email info@delfoinoraakkeli.fi.<\/p>\n\n\n\n<div style=\"height:100px\" aria-hidden=\"true\" class=\"wp-block-spacer\"><\/div>\n\n\n\n<p>ORACLE OF DELPHI MENTORING PACKAGES<\/p>\n\n\n\n<p><strong>Tiibetil\u00e4inen kirjallisuus ja tarinankerrontaperinne: Tiibetin kansalliseepos Kuningas Gesar ja ba sprung tiibetil\u00e4iset unilaulajat (available in Finnish only) <\/strong><\/p>\n\n\n\n<p><em>Haluatko tiet\u00e4\u00e4 lis\u00e4\u00e4 tiibetil\u00e4isest\u00e4 kirjallisuudesta ja kansanperinteest\u00e4? Mentorointi syvent\u00e4\u00e4 tiet\u00e4myst\u00e4 tiibetil\u00e4isest\u00e4 kirjallisuudesta ja Tiibetin omintakeisesta tarinankerrontaperinteest\u00e4 keskittyen etenkin Tiibetin kansalliseepokseen Kuningas Gesar, joka on my\u00f6s maailman pisin eepos yli miljoonalla s\u00e4keell\u00e4\u00e4n sek\u00e4 tiibetil\u00e4isiin unilaulajiin, jotka tunnetaan nimell\u00e4 ba sprung.<\/em><\/p>\n\n\n\n<p>mentor Elina Huttunen<\/p>\n\n\n\n<div style=\"height:100px\" aria-hidden=\"true\" class=\"wp-block-spacer\"><\/div>\n\n\n\n<p>Available later the following mentoring packages, which contents will be more precise over time:<\/p>\n\n\n\n<p class=\"has-medium-font-size\" style=\"font-style:normal;font-weight:100\">Asian culture &amp; society (Finnish only)<\/p>\n\n\n\n<p class=\"has-medium-font-size\" style=\"font-style:normal;font-weight:100\">Indian culture &amp; society (Finnish only)<\/p>\n\n\n\n<p class=\"has-medium-font-size\" style=\"font-style:normal;font-weight:100\">Japanese culture &amp; society (Finnish only)<\/p>\n\n\n\n<p class=\"has-medium-font-size\" style=\"font-style:normal;font-weight:100\">Tibetan culture &amp; society (Finnish only)<\/p>\n\n\n\n<p class=\"has-medium-font-size\" style=\"font-style:normal;font-weight:100\">Chinese culture &amp; society (Finnish only)<\/p>\n\n\n\n<p class=\"has-medium-font-size\" style=\"font-style:normal;font-weight:100\">Filipino culture &amp; society (Finnish only)<\/p>\n\n\n\n<p class=\"has-medium-font-size\" style=\"font-style:normal;font-weight:100\">Thai culture &amp; society (Finnish only)<\/p>\n\n\n\n<p class=\"has-medium-font-size\" style=\"font-style:normal;font-weight:100\">Nordic Feminism (<em>available in Finnish and English<\/em>)<\/p>\n\n\n\n<p class=\"has-medium-font-size\" style=\"font-style:normal;font-weight:100\">Woman Writing (<em>available in Finnish and English<\/em>)<\/p>\n\n\n\n<p class=\"has-medium-font-size\" style=\"font-style:normal;font-weight:100\">Native Wisdom (<em>available in Finnish and English<\/em>)<\/p>\n\n\n\n<p class=\"has-medium-font-size\" style=\"font-style:normal;font-weight:100\">Roots of Western Wisdom (<em>available in Finnish and English<\/em>)<\/p>\n\n\n\n<div style=\"height:100px\" aria-hidden=\"true\" class=\"wp-block-spacer\"><\/div>\n\n\n\n<p>Price of mentoring package is 250 \u20ac (VAT 25,5 % not included).<\/p>\n\n\n\n<p>Do you want to order a pre-recorded mentoring session? The price of video mentoring is 150 \u20ac (VAT 25,5 % not included).<\/p>\n\n\n\n<p>Mentoring packages are available remotely and\/or on-site.<\/p>\n\n\n\n<p>One mentoring session lasts around one and a half to two hours.<\/p>\n\n\n\n<p>What kind of mentoring do you need? Ask us about endless mentoring possibilities by sending us email info@delfoinoraakkeli.fi.<\/p>","protected":false},"excerpt":{"rendered":"<p>Tilaa mentorointipaketti tai kysy lis\u00e4\u00e4 olemalla yhteydess\u00e4 Delfoin Oraakkeliin osoitteessa info@delfoinoraakkeli.fi. DELFOIN ORAAKKELIN MENTOROINTIPAKETIT Tiibetil\u00e4inen kirjallisuus ja tarinankerrontaperinne: Tiibetin kansalliseepos Kuningas Gesar ja ba sprung tiibetil\u00e4iset unilaulajat Haluatko tiet\u00e4\u00e4 lis\u00e4\u00e4 tiibetil\u00e4isest\u00e4 kirjallisuudesta ja kansanperinteest\u00e4? Mentorointi syvent\u00e4\u00e4 tiet\u00e4myst\u00e4 tiibetil\u00e4isest\u00e4 kirjallisuudesta ja Tiibetin omintakeisesta tarinankerrontaperinteest\u00e4 keskittyen etenkin Tiibetin kansalliseepokseen Kuningas Gesar, joka on my\u00f6s maailman pisin eepos [&hellip;]<\/p>\n","protected":false},"author":1,"featured_media":0,"parent":0,"menu_order":0,"comment_status":"closed","ping_status":"closed","template":"","meta":{"footnotes":""},"class_list":["post-84","page","type-page","status-publish","hentry"],"_links":{"self":[{"href":"http:\/\/delfoinoraakkeli.fi\/en\/wp-json\/wp\/v2\/pages\/84","targetHints":{"allow":["GET"]}}],"collection":[{"href":"http:\/\/delfoinoraakkeli.fi\/en\/wp-json\/wp\/v2\/pages"}],"about":[{"href":"http:\/\/delfoinoraakkeli.fi\/en\/wp-json\/wp\/v2\/types\/page"}],"author":[{"embeddable":true,"href":"http:\/\/delfoinoraakkeli.fi\/en\/wp-json\/wp\/v2\/users\/1"}],"replies":[{"embeddable":true,"href":"http:\/\/delfoinoraakkeli.fi\/en\/wp-json\/wp\/v2\/comments?post=84"}],"version-history":[{"count":23,"href":"http:\/\/delfoinoraakkeli.fi\/en\/wp-json\/wp\/v2\/pages\/84\/revisions"}],"predecessor-version":[{"id":155,"href":"http:\/\/delfoinoraakkeli.fi\/en\/wp-json\/wp\/v2\/pages\/84\/revisions\/155"}],"wp:attachment":[{"href":"http:\/\/delfoinoraakkeli.fi\/en\/wp-json\/wp\/v2\/media?parent=84"}],"curies":[{"name":"wp","href":"https:\/\/api.w.org\/{rel}","templated":true}]}}