{"id":39,"date":"2024-10-23T19:20:38","date_gmt":"2024-10-23T19:20:38","guid":{"rendered":"http:\/\/delfoinoraakkeli.fi\/?page_id=39"},"modified":"2026-03-01T09:25:24","modified_gmt":"2026-03-01T09:25:24","slug":"mentorointi","status":"publish","type":"page","link":"http:\/\/delfoinoraakkeli.fi\/en\/mentorointi\/","title":{"rendered":"Mentoring"},"content":{"rendered":"<p>Oracle of Delphi constantly seeks new mentors to become a part of Oracle of Delphi mentroing community.<\/p>\n\n\n\n<p>Do you want to be a part of the Oracle of Delphi community, be a mentor, and change the world? Send an email along with your CV and mentoring idea to info@delfoinoraakkeli.fi.<\/p>\n\n\n\n<p>Join Oracle of Delphi <a href=\"https:\/\/discord.gg\/a23NCKYwzB\"><mark style=\"background-color:rgba(0, 0, 0, 0);color:#0693e3\" class=\"has-inline-color\">Discord-channel.<\/mark><\/a>The channel is for anyone interested in becoming a mentor.<\/p>\n\n\n\n<p><\/p>","protected":false},"excerpt":{"rendered":"<p>Delfoin Oraakkeli etsii koko ajan uusia mentoreita mukaan toimintaansa. Haluatko mukaan mentoriksi muuttamaan maailmaa? Ole yhteydess\u00e4 CV:n ja ideasi kera s\u00e4hk\u00f6postitse info@delfoinoraakkeli.fi. Liity mukaan Delfoin Oraakkelin Discord-kanavalle. Kanava on tarkoitettu mentorointitoiminnasta kiinnostuneille.<\/p>","protected":false},"author":1,"featured_media":0,"parent":0,"menu_order":0,"comment_status":"closed","ping_status":"closed","template":"","meta":{"footnotes":""},"class_list":["post-39","page","type-page","status-publish","hentry"],"_links":{"self":[{"href":"http:\/\/delfoinoraakkeli.fi\/en\/wp-json\/wp\/v2\/pages\/39","targetHints":{"allow":["GET"]}}],"collection":[{"href":"http:\/\/delfoinoraakkeli.fi\/en\/wp-json\/wp\/v2\/pages"}],"about":[{"href":"http:\/\/delfoinoraakkeli.fi\/en\/wp-json\/wp\/v2\/types\/page"}],"author":[{"embeddable":true,"href":"http:\/\/delfoinoraakkeli.fi\/en\/wp-json\/wp\/v2\/users\/1"}],"replies":[{"embeddable":true,"href":"http:\/\/delfoinoraakkeli.fi\/en\/wp-json\/wp\/v2\/comments?post=39"}],"version-history":[{"count":9,"href":"http:\/\/delfoinoraakkeli.fi\/en\/wp-json\/wp\/v2\/pages\/39\/revisions"}],"predecessor-version":[{"id":158,"href":"http:\/\/delfoinoraakkeli.fi\/en\/wp-json\/wp\/v2\/pages\/39\/revisions\/158"}],"wp:attachment":[{"href":"http:\/\/delfoinoraakkeli.fi\/en\/wp-json\/wp\/v2\/media?parent=39"}],"curies":[{"name":"wp","href":"https:\/\/api.w.org\/{rel}","templated":true}]}}