{"id":35,"date":"2024-10-23T19:17:32","date_gmt":"2024-10-23T19:17:32","guid":{"rendered":"http:\/\/delfoinoraakkeli.fi\/?page_id=35"},"modified":"2026-03-01T13:31:37","modified_gmt":"2026-03-01T13:31:37","slug":"meista","status":"publish","type":"page","link":"http:\/\/delfoinoraakkeli.fi\/en\/meista\/","title":{"rendered":"About us"},"content":{"rendered":"<p>Oracle of Delphi is consulting service providing sociological and philosophical insight in various kinds of situations occurring in our era.<\/p>\n\n\n\n<p>In Ancient Greece the Oracle of Delphi, also known as Pythia, gave advices for difficult questions in Temple of Apollo. <\/p>\n\n\n\n<p>Consulting service provides sociological and philosophical insight for different aspects of our era, when a comprehensive approach is needed. It may be a case of consulting a management, a personnel training, or anything that is suitable for the situation. In case needed, we also provide poetic solutions - just like Oracle of Delphi once did.<\/p>\n\n\n\n<p>Throughout the ages, societies and communities and their success have in some way or other based on dialogue and exchange of thoughts. This creates possibilities for new kind of ideas to emerge for a better world for us all. For this thought is also based our mentoring service - that is both playful and thought-evoking.<\/p>\n\n\n\n<p>Behind the services of Oracle of Delphi are people who have grown and who have had an impact in Academic world. The mentoring service is carried out under their guidance.<\/p>\n\n\n\n<p>The service is available in English and in Finnish and remotely around the globe.<\/p>","protected":false},"excerpt":{"rendered":"<p>Delfoin Oraakkeli on konsultointipalvelu, joka tarjoaa aikakauttamme vastaavaa sosiologista ja filosofista n\u00e4k\u00f6kulmaa erilaisissa muutostilanteissa. Antiikin Kreikassa Delfoin oraakkeli, joka tunnettiin my\u00f6s Pythiana, tarjosi vaikeisiin kysymyksiin neuvoja Apollonin temppeliss\u00e4. Konsulttiyritys tarjoaa aikakauteemme sopivaa sosiologista ja filosofista n\u00e4k\u00f6kulmaa erilaisiin pulmiin, joissa tarvitaan kokonaisvaltaista l\u00e4hestymistapaa. Kyseess\u00e4 voi olla joko johdon konsultointi, henkil\u00f6st\u00f6n koulutus tai mik\u00e4 tilanteeseen sopii. Tarjoamme [&hellip;]<\/p>\n","protected":false},"author":1,"featured_media":0,"parent":0,"menu_order":0,"comment_status":"closed","ping_status":"open","template":"","meta":{"footnotes":""},"class_list":["post-35","page","type-page","status-publish","hentry"],"_links":{"self":[{"href":"http:\/\/delfoinoraakkeli.fi\/en\/wp-json\/wp\/v2\/pages\/35","targetHints":{"allow":["GET"]}}],"collection":[{"href":"http:\/\/delfoinoraakkeli.fi\/en\/wp-json\/wp\/v2\/pages"}],"about":[{"href":"http:\/\/delfoinoraakkeli.fi\/en\/wp-json\/wp\/v2\/types\/page"}],"author":[{"embeddable":true,"href":"http:\/\/delfoinoraakkeli.fi\/en\/wp-json\/wp\/v2\/users\/1"}],"replies":[{"embeddable":true,"href":"http:\/\/delfoinoraakkeli.fi\/en\/wp-json\/wp\/v2\/comments?post=35"}],"version-history":[{"count":16,"href":"http:\/\/delfoinoraakkeli.fi\/en\/wp-json\/wp\/v2\/pages\/35\/revisions"}],"predecessor-version":[{"id":167,"href":"http:\/\/delfoinoraakkeli.fi\/en\/wp-json\/wp\/v2\/pages\/35\/revisions\/167"}],"wp:attachment":[{"href":"http:\/\/delfoinoraakkeli.fi\/en\/wp-json\/wp\/v2\/media?parent=35"}],"curies":[{"name":"wp","href":"https:\/\/api.w.org\/{rel}","templated":true}]}}